{"id":10885,"date":"2023-09-26T14:25:27","date_gmt":"2023-09-26T14:25:27","guid":{"rendered":"https:\/\/openup.nu\/disclaimer\/"},"modified":"2023-10-03T14:51:45","modified_gmt":"2023-10-03T14:51:45","slug":"haftungsausschluss","status":"publish","type":"page","link":"https:\/\/openup.nu\/de\/haftungsausschluss\/","title":{"rendered":"Haftungsausschluss"},"content":{"rendered":"<div  class='flex_column av-3icz80-3762085ee69089ae67f5be1ac4c2c909 av_one_full  avia-builder-el-0  el_before_av_layerslider  avia-builder-el-no-sibling  first flex_column_div  '     ><section  class='av_textblock_section av-ln35wtwb-ea90a3442637050725955c6b9e6bc459 '   itemscope=\"itemscope\" itemtype=\"https:\/\/schema.org\/CreativeWork\" ><div class='avia_textblock'  itemprop=\"text\" ><p>Die Informationen auf dieser Website dienen nur der allgemeinen Information und stellen keine Beratung dar.<\/p>\n<p>Die Informationen auf dieser Website liegen in der Verantwortung von OpenUp! OpenUp! nimmt die gr\u00f6\u00dftm\u00f6gliche Sorgfalt, um sicherzustellen, dass die Website so aktuell, zug\u00e4nglich, richtig und vollst\u00e4ndig wie m\u00f6glich ist. Allerdings ist es m\u00f6glich, dass einige der Informationen veraltet, unvollst\u00e4ndig oder falsch sind. OpenUp! haftet nicht f\u00fcr Sch\u00e4den, die aus der Nutzung (oder der Unm\u00f6glichkeit der Nutzung) der Website entstehen, einschlie\u00dflich Sch\u00e4den, die durch Viren oder Ungenauigkeit oder Unvollst\u00e4ndigkeit der Informationen auf dieser Website verursacht werden. Aus dem Inhalt dieser Website k\u00f6nnen daher keine Rechte abgeleitet werden.<\/p>\n<p>Die OpenUp!-Website kann Zugang zu Websites und\/oder Informationsquellen Dritter bieten. Auch kann OpenUp! nicht f\u00fcr die Folgen der Nutzung der Informationen auf diesen Webseiten oder Websites haftbar gemacht werden.<\/p>\n<p>Die Informationen und Abbildungen auf dieser Website d\u00fcrfen ohne vorherige schriftliche Genehmigung weder reproduziert noch kopiert oder in irgendeiner Weise verlinkt werden.<\/p>\n<\/div><\/section><\/div><\/div><\/div><\/div><!-- close content main div --><\/div><\/div><div id='layer_slider_1'  class='avia-layerslider main_color avia-shadow  avia-builder-el-2  el_after_av_one_full  avia-builder-el-last  slider-not-first container_wrap sidebar_right'  style='height: 151px;'  ><div id=\"layerslider_7_14o9cz8sfkrk3\"  class=\"ls-wp-container fitvidsignore ls-selectable\" style=\"width:2100px;height:150px;max-width:100px;margin:0 auto;margin-bottom: 0px;\"><div class=\"ls-slide\" ><a style=\"\" class=\"ls-l\" href=\"https:\/\/openup.nu\/spellen\/openhartig-puber-tijd\/\" target=\"_self\" data-ls=\"offsetyin:top;hover:true;hoveroffsety:-20lh;hovereasingin:easeInOutQuint;position:relative;\" rel=\"noopener\"><img loading=\"lazy\" decoding=\"async\" width=\"112\" height=\"148\" src=\"data:image\/gif;base64,R0lGODlhAQABAAAAACH5BAEKAAEALAAAAAABAAEAAAICTAEAOw==\" class=\"ls-img-layer lazyload\" alt=\"\" style=\"top:18px;left:-2px;width:102px;height:139px;\" data-src=\"https:\/\/openup.nu\/wp-content\/uploads\/2018\/10\/mini-copy-6.png\"><\/a><a style=\"\" class=\"ls-l\" href=\"https:\/\/openup.nu\/spellen\/openhartig-team-spirit\/\" target=\"_self\" data-ls=\"offsetyin:top;durationin:1050;delayin:50;hover:true;hoveroffsety:-20lh;hovereasingin:easeInOutQuint;position:relative;\" rel=\"noopener\"><img loading=\"lazy\" decoding=\"async\" width=\"112\" height=\"148\" src=\"data:image\/gif;base64,R0lGODlhAQABAAAAACH5BAEKAAEALAAAAAABAAEAAAICTAEAOw==\" class=\"ls-img-layer lazyload\" alt=\"\" style=\"top:16px;left:90px;width:106px;height:141px;font-size:13px;line-height:14px;\" data-src=\"https:\/\/openup.nu\/wp-content\/uploads\/2018\/10\/mini-copy-7.png\"><\/a><a style=\"\" class=\"ls-l\" href=\"https:\/\/openup.nu\/spellen\/openhartig-bijzonder-vragenkaartspel-verstandelijke-beperking\/\" target=\"_self\" data-ls=\"offsetyin:top;durationin:1100;delayin:100;hover:true;hoveroffsety:-20lh;hovereasingin:easeInOutQuint;position:relative;\" rel=\"noopener\"><img loading=\"lazy\" decoding=\"async\" width=\"200\" height=\"266\" src=\"data:image\/gif;base64,R0lGODlhAQABAAAAACH5BAEKAAEALAAAAAABAAEAAAICTAEAOw==\" class=\"ls-img-layer lazyload\" alt=\"\" style=\"top:14px;left:275px;width:105px;height:145px;\" data-src=\"https:\/\/openup.nu\/wp-content\/uploads\/2018\/11\/41115_verpakking-copy.png\"><\/a><a style=\"\" class=\"ls-l\" href=\"https:\/\/openup.nu\/spellen\/openhartig-wereldwijd\/\" target=\"_self\" data-ls=\"offsetyin:top;durationin:1100;delayin:100;hover:true;hoveroffsety:-20lh;hovereasingin:easeInOutQuint;position:relative;\" rel=\"noopener\"><img loading=\"lazy\" decoding=\"async\" width=\"218\" height=\"264\" src=\"data:image\/gif;base64,R0lGODlhAQABAAAAACH5BAEKAAEALAAAAAABAAEAAAICTAEAOw==\" class=\"ls-img-layer lazyload\" alt=\"\" style=\"top:14px;left:172px;width:124px;height:150px;\" data-src=\"https:\/\/openup.nu\/wp-content\/uploads\/2020\/08\/OH-WW-KLEIN.png\"><\/a><a style=\"\" class=\"ls-l\" href=\"https:\/\/openup.nu\/spellen\/openhartig-kids-vragenspel-opdrachten-kinderen\/\" target=\"_self\" data-ls=\"offsetyin:top;durationin:1150;delayin:150;hover:true;hoveroffsety:-20lh;hovereasingin:easeInOutQuint;position:relative;\" rel=\"noopener\"><img loading=\"lazy\" decoding=\"async\" width=\"112\" height=\"148\" src=\"data:image\/gif;base64,R0lGODlhAQABAAAAACH5BAEKAAEALAAAAAABAAEAAAICTAEAOw==\" class=\"ls-img-layer lazyload\" alt=\"\" style=\"top:15px;left:367px;width:107px;height:143px;\" data-src=\"https:\/\/openup.nu\/wp-content\/uploads\/2018\/10\/mini-copy-3.png\"><\/a><a style=\"\" class=\"ls-l\" href=\"https:\/\/openup.nu\/spellen\/openhartig-vitaliteit\/\" target=\"_self\" data-ls=\"offsetyin:top;durationin:1150;delayin:150;hover:true;hoveroffsety:-20lh;hovereasingin:easeInOutQuint;position:relative;\" rel=\"noopener\"><img loading=\"lazy\" decoding=\"async\" width=\"180\" height=\"195\" src=\"data:image\/gif;base64,R0lGODlhAQABAAAAACH5BAEKAAEALAAAAAABAAEAAAICTAEAOw==\" class=\"ls-img-layer lazyload\" alt=\"\" style=\"top:9px;left:445px;width:147px;height:159px;\" data-src=\"https:\/\/openup.nu\/wp-content\/uploads\/2019\/08\/41118-05_zonder-kaartjes_LR-1.png\"><\/a><a style=\"\" class=\"ls-l\" href=\"https:\/\/openup.nu\/spellen\/vragenspel-toekomst-ontdekken\/\" target=\"_self\" data-ls=\"offsetyin:top;durationin:1200;delayin:200;hover:true;hoveroffsety:-20lh;hovereasingin:easeInOutQuint;position:relative;\" rel=\"noopener\"><img loading=\"lazy\" decoding=\"async\" width=\"112\" height=\"148\" src=\"data:image\/gif;base64,R0lGODlhAQABAAAAACH5BAEKAAEALAAAAAABAAEAAAICTAEAOw==\" class=\"ls-img-layer lazyload\" alt=\"\" style=\"top:15px;left:560px;width:105px;height:143px;\" data-src=\"https:\/\/openup.nu\/wp-content\/uploads\/2018\/10\/mini-copy-2.png\"><\/a><a style=\"\" class=\"ls-l\" href=\"https:\/\/openup.nu\/spellen\/openhartig-vraagkaartspel-vrienden-familie\/\" target=\"_self\" data-ls=\"offsetyin:top;durationin:1250;delayin:250;hover:true;hoveroffsety:-20lh;hovereasingin:easeInOutQuint;position:relative;\" rel=\"noopener\"><img loading=\"lazy\" decoding=\"async\" width=\"112\" height=\"148\" src=\"data:image\/gif;base64,R0lGODlhAQABAAAAACH5BAEKAAEALAAAAAABAAEAAAICTAEAOw==\" class=\"ls-img-layer lazyload\" alt=\"\" style=\"top:17px;left:750px;width:106px;height:141px;\" data-src=\"https:\/\/openup.nu\/wp-content\/uploads\/2018\/10\/mini-copy-1.png\"><\/a><a style=\"\" class=\"ls-l\" href=\"https:\/\/openup.nu\/spellen\/openhartig-about-sex\/\" target=\"_self\" data-ls=\"offsetyin:top;durationin:1300;delayin:300;hover:true;hoveroffsety:-20lh;hovereasingin:easeInOutQuint;position:relative;\" rel=\"noopener\"><img loading=\"lazy\" decoding=\"async\" width=\"200\" height=\"218\" src=\"data:image\/gif;base64,R0lGODlhAQABAAAAACH5BAEKAAEALAAAAAABAAEAAAICTAEAOw==\" class=\"ls-img-layer lazyload\" alt=\"\" style=\"top:13px;left:823px;width:146px;height:156px;\" data-src=\"https:\/\/openup.nu\/wp-content\/uploads\/2021\/02\/41122-05_zonderkaartjes_LRklein.png\"><\/a><a style=\"\" class=\"ls-l\" href=\"https:\/\/openup.nu\/spellen\/openhartig-private-time\/\" target=\"_self\" data-ls=\"offsetyin:top;durationin:1350;delayin:350;hover:true;hoveroffsety:-20lh;hovereasingin:easeInOutQuint;position:relative;\" rel=\"noopener\"><img loading=\"lazy\" decoding=\"async\" width=\"112\" height=\"148\" src=\"data:image\/gif;base64,R0lGODlhAQABAAAAACH5BAEKAAEALAAAAAABAAEAAAICTAEAOw==\" class=\"ls-img-layer lazyload\" alt=\"\" style=\"top:17px;left:936px;width:105px;height:141px;\" data-src=\"https:\/\/openup.nu\/wp-content\/uploads\/2018\/10\/mini-copy-5.png\"><\/a><a style=\"\" class=\"ls-l\" href=\"https:\/\/openup.nu\/spellen\/openhartig-in-love-het-vragenkaartspel-voor-koppels-om-elkaar-beter-te-leren-kennen\/\" target=\"_self\" data-ls=\"offsetyin:top;durationin:1450;delayin:450;hover:true;hoveroffsety:-20lh;hovereasingin:easeInOutQuint;position:relative;\" rel=\"noopener\"><img loading=\"lazy\" decoding=\"async\" width=\"112\" height=\"148\" src=\"data:image\/gif;base64,R0lGODlhAQABAAAAACH5BAEKAAEALAAAAAABAAEAAAICTAEAOw==\" class=\"ls-img-layer lazyload\" alt=\"\" style=\"top:18px;left:1121px;width:109px;height:140px;\" data-src=\"https:\/\/openup.nu\/wp-content\/uploads\/2018\/10\/klein-copy.png\"><\/a><a style=\"\" class=\"ls-l\" href=\"https:\/\/openup.nu\/spellen\/openhartig-date-vragen-spel\/\" target=\"_self\" data-ls=\"offsetyin:top;durationin:1400;delayin:400;hover:true;hoveroffsety:-20lh;hovereasingin:easeInOutQuint;position:relative;\" rel=\"noopener\"><img loading=\"lazy\" decoding=\"async\" width=\"155\" height=\"225\" src=\"data:image\/gif;base64,R0lGODlhAQABAAAAACH5BAEKAAEALAAAAAABAAEAAAICTAEAOw==\" class=\"ls-img-layer lazyload\" alt=\"\" style=\"top:23px;left:1036px;width:93px;height:131px;\" data-src=\"https:\/\/openup.nu\/wp-content\/uploads\/2019\/08\/Laag-0.png\"><\/a><a style=\"\" class=\"ls-l\" href=\"https:\/\/openup.nu\/spellen\/openhartig-memories-vragenspel\/\" target=\"_self\" data-ls=\"offsetyin:top;durationin:1500;delayin:500;hover:true;hoveroffsety:-20lh;hovereasingin:easeInOutQuint;position:relative;\" rel=\"noopener\"><img loading=\"lazy\" decoding=\"async\" width=\"112\" height=\"148\" src=\"data:image\/gif;base64,R0lGODlhAQABAAAAACH5BAEKAAEALAAAAAABAAEAAAICTAEAOw==\" class=\"ls-img-layer lazyload\" alt=\"\" style=\"top:18px;left:1215px;width:101px;height:140px;\" data-src=\"https:\/\/openup.nu\/wp-content\/uploads\/2018\/10\/mini-copy-4.png\"><\/a><a style=\"\" class=\"ls-l\" href=\"https:\/\/openup.nu\/spellen\/openhartig-zingeving\/\" target=\"_self\" data-ls=\"offsetyin:top;durationin:1600;delayin:600;hover:true;hoveroffsety:-20lh;hovereasingin:easeInOutQuint;position:relative;\" rel=\"noopener\"><img loading=\"lazy\" decoding=\"async\" width=\"200\" height=\"289\" src=\"data:image\/gif;base64,R0lGODlhAQABAAAAACH5BAEKAAEALAAAAAABAAEAAAICTAEAOw==\" class=\"ls-img-layer lazyload\" alt=\"\" style=\"top:24px;left:1405px;width:86px;height:126px;\" data-src=\"https:\/\/openup.nu\/wp-content\/uploads\/2018\/11\/200.png\"><\/a><a style=\"\" class=\"ls-l\" href=\"https:\/\/openup.nu\/spellen\/openhartig-eindejaar\/\" target=\"_self\" data-ls=\"offsetyin:top;durationin:1700;delayin:700;hover:true;hoveroffsety:-20lh;hoverdurationout:500;hovereasingin:easeInOutQuint;position:relative;\" rel=\"noopener\"><img loading=\"lazy\" decoding=\"async\" width=\"250\" height=\"356\" src=\"data:image\/gif;base64,R0lGODlhAQABAAAAACH5BAEKAAEALAAAAAABAAEAAAICTAEAOw==\" class=\"ls-img-layer lazyload\" alt=\"\" sizes=\"auto, (max-width: 250px) 100vw, 250px\" style=\"top:18px;left:1590px;width:93px;height:132px;\" data-src=\"https:\/\/openup.nu\/wp-content\/uploads\/2021\/07\/12.png\" data-srcset=\"https:\/\/openup.nu\/wp-content\/uploads\/2021\/07\/12.png 250w, https:\/\/openup.nu\/wp-content\/uploads\/2021\/07\/12-211x300.png 211w\"><\/a><a style=\"\" class=\"ls-l\" href=\"https:\/\/openup.nu\/spellen\/openhartig-identiteit\/\" target=\"_self\" data-ls=\"offsetyin:top;durationin:1650;delayin:650;hover:true;hoveroffsety:-20lh;hoverdurationout:500;hovereasingin:easeInOutQuint;position:relative;\" rel=\"noopener\"><img loading=\"lazy\" decoding=\"async\" width=\"879\" height=\"1159\" src=\"data:image\/gif;base64,R0lGODlhAQABAAAAACH5BAEKAAEALAAAAAABAAEAAAICTAEAOw==\" class=\"ls-img-layer lazyload\" alt=\"\" style=\"top:17px;left:1486px;width:111px;height:140px;\" data-src=\"https:\/\/openup.nu\/wp-content\/uploads\/2023\/06\/41129_Identiteit.png\"><\/a><a style=\"\" class=\"ls-l\" href=\"https:\/\/openup.nu\/spellen\/openhartig-voor-de-lol\/\" target=\"_self\" data-ls=\"offsetyin:top;durationin:1800;delayin:800;hover:true;hoveroffsety:-20lh;hoverdurationout:500;hovereasingin:easeInOutQuint;position:relative;\" rel=\"noopener\"><img loading=\"lazy\" decoding=\"async\" width=\"112\" height=\"148\" src=\"data:image\/gif;base64,R0lGODlhAQABAAAAACH5BAEKAAEALAAAAAABAAEAAAICTAEAOw==\" class=\"ls-img-layer lazyload\" alt=\"\" style=\"top:12px;left:1777px;width:102px;height:145px;\" data-src=\"https:\/\/openup.nu\/wp-content\/uploads\/2018\/10\/mini-copy-9.png\"><\/a><a style=\"\" class=\"ls-l\" href=\"https:\/\/openup.nu\/spellen\/openminded\/\" target=\"_self\" data-ls=\"offsetyin:top;durationin:1850;delayin:850;hover:true;hoveroffsety:-20lh;hoverdurationout:500;hovereasingin:easeInOutQuint;position:relative;\" rel=\"noopener\"><img loading=\"lazy\" decoding=\"async\" width=\"120\" height=\"160\" src=\"data:image\/gif;base64,R0lGODlhAQABAAAAACH5BAEKAAEALAAAAAABAAEAAAICTAEAOw==\" class=\"ls-img-layer lazyload\" alt=\"\" style=\"top:13px;left:1870px;width:102px;height:139px;\" data-src=\"https:\/\/openup.nu\/wp-content\/uploads\/2021\/08\/111.png\"><\/a><a style=\"\" class=\"ls-l\" href=\"https:\/\/openup.nu\/spellen\/openminded-kids\/\" target=\"_self\" data-ls=\"offsetyin:top;durationin:1900;delayin:900;hover:true;hoveroffsety:-20lh;hoverdurationout:500;hovereasingin:easeInOutQuint;position:relative;\" rel=\"noopener\"><img loading=\"lazy\" decoding=\"async\" width=\"879\" height=\"1159\" src=\"data:image\/gif;base64,R0lGODlhAQABAAAAACH5BAEKAAEALAAAAAABAAEAAAICTAEAOw==\" class=\"ls-img-layer lazyload\" alt=\"\" sizes=\"auto, (max-width: 879px) 100vw, 879px\" style=\"top:18px;left:1955px;width:111px;height:140px;\" data-src=\"https:\/\/openup.nu\/wp-content\/uploads\/2022\/07\/Openminded-Kids.png\" data-srcset=\"https:\/\/openup.nu\/wp-content\/uploads\/2022\/07\/Openminded-Kids.png 879w, https:\/\/openup.nu\/wp-content\/uploads\/2022\/07\/Openminded-Kids-228x300.png 228w, https:\/\/openup.nu\/wp-content\/uploads\/2022\/07\/Openminded-Kids-781x1030.png 781w, https:\/\/openup.nu\/wp-content\/uploads\/2022\/07\/Openminded-Kids-768x1013.png 768w, https:\/\/openup.nu\/wp-content\/uploads\/2022\/07\/Openminded-Kids-535x705.png 535w\"><\/a><a style=\"\" class=\"ls-l\" href=\"https:\/\/openup.nu\/spellen\/openhartig-afscheid\/\" target=\"_self\" data-ls=\"offsetyin:top;durationin:1550;delayin:550;hover:true;hoveroffsety:-20lh;hovereasingin:easeInOutQuint;position:relative;\" rel=\"noopener\"><img loading=\"lazy\" decoding=\"async\" width=\"180\" height=\"193\" src=\"data:image\/gif;base64,R0lGODlhAQABAAAAACH5BAEKAAEALAAAAAABAAEAAAICTAEAOw==\" class=\"ls-img-layer lazyload\" alt=\"\" style=\"top:9px;left:1284px;background-size:inherit;background-position:inherit;width:146px;height:159px;font-size:13px;line-height:14px;\" data-src=\"https:\/\/openup.nu\/wp-content\/uploads\/2020\/04\/41120-05_zonder_kaartje_HRkopie.png\"><\/a><a style=\"\" class=\"ls-l\" href=\"https:\/\/openup.nu\/spellen\/openhartig-eindejaar-special-edition\/\" target=\"_self\" data-ls=\"offsetyin:top;durationin:1750;delayin:750;hover:true;hoveroffsety:-20lh;hovereasingin:easeInOutQuint;position:relative;\" rel=\"noopener\"><img loading=\"lazy\" decoding=\"async\" width=\"3150\" height=\"3150\" src=\"data:image\/gif;base64,R0lGODlhAQABAAAAACH5BAEKAAEALAAAAAABAAEAAAICTAEAOw==\" class=\"ls-img-layer lazyload\" alt=\"\" style=\"top:0px;left:1650px;background-size:inherit;background-position:inherit;width:164px;height:169px;font-size:13px;line-height:14px;\" data-src=\"https:\/\/openup.nu\/wp-content\/uploads\/2023\/03\/Openhartig-Eindejaar_02_HR-1.png\"><\/a><img loading=\"lazy\" decoding=\"async\" width=\"519\" height=\"268\" src=\"data:image\/gif;base64,R0lGODlhAQABAAAAACH5BAEKAAEALAAAAAABAAEAAAICTAEAOw==\" class=\"ls-l ls-img-layer lazyload\" alt=\"\" sizes=\"auto, (max-width: 519px) 100vw, 519px\" style=\"top:16px;left:1701px;width:85px;height:44px;background-size:cover;\" data-ls=\"delayin:1500;easingin:easeInOutBack;loop:true;loopcount:1;static:forever;position:relative;\" data-src=\"https:\/\/openup.nu\/wp-content\/uploads\/2019\/06\/nieuw.png\" data-srcset=\"https:\/\/openup.nu\/wp-content\/uploads\/2019\/06\/nieuw.png 519w, https:\/\/openup.nu\/wp-content\/uploads\/2019\/06\/nieuw-300x155.png 300w, https:\/\/openup.nu\/wp-content\/uploads\/2019\/06\/nieuw-450x232.png 450w\"><img loading=\"lazy\" decoding=\"async\" width=\"519\" height=\"268\" src=\"data:image\/gif;base64,R0lGODlhAQABAAAAACH5BAEKAAEALAAAAAABAAEAAAICTAEAOw==\" class=\"ls-l ls-img-layer lazyload\" alt=\"\" sizes=\"auto, (max-width: 519px) 100vw, 519px\" style=\"top:18px;left:1506px;width:85px;height:44px;background-size:cover;\" data-ls=\"delayin:1500;easingin:easeInOutBack;loop:true;loopcount:1;static:forever;position:relative;\" data-src=\"https:\/\/openup.nu\/wp-content\/uploads\/2019\/06\/nieuw.png\" data-srcset=\"https:\/\/openup.nu\/wp-content\/uploads\/2019\/06\/nieuw.png 519w, https:\/\/openup.nu\/wp-content\/uploads\/2019\/06\/nieuw-300x155.png 300w, https:\/\/openup.nu\/wp-content\/uploads\/2019\/06\/nieuw-450x232.png 450w\"><img loading=\"lazy\" decoding=\"async\" width=\"519\" height=\"268\" src=\"data:image\/gif;base64,R0lGODlhAQABAAAAACH5BAEKAAEALAAAAAABAAEAAAICTAEAOw==\" class=\"ls-l ls-img-layer lazyload\" alt=\"\" sizes=\"auto, (max-width: 519px) 100vw, 519px\" style=\"top:18px;left:1967px;width:85px;height:44px;background-size:cover;\" data-ls=\"delayin:1500;easingin:easeInOutBack;loop:true;loopcount:1;static:forever;position:relative;\" data-src=\"https:\/\/openup.nu\/wp-content\/uploads\/2019\/06\/nieuw.png\" data-srcset=\"https:\/\/openup.nu\/wp-content\/uploads\/2019\/06\/nieuw.png 519w, https:\/\/openup.nu\/wp-content\/uploads\/2019\/06\/nieuw-300x155.png 300w, https:\/\/openup.nu\/wp-content\/uploads\/2019\/06\/nieuw-450x232.png 450w\"><a style=\"\" class=\"ls-l\" href=\"https:\/\/openup.nu\/spellen\/openhartig-vriendinnen\/\" target=\"_self\" data-ls=\"offsetyin:top;durationin:1250;delayin:250;hover:true;hoveroffsety:-20lh;hovereasingin:easeInOutQuint;position:relative;\" rel=\"noopener\"><img loading=\"lazy\" decoding=\"async\" width=\"150\" height=\"200\" src=\"data:image\/gif;base64,R0lGODlhAQABAAAAACH5BAEKAAEALAAAAAABAAEAAAICTAEAOw==\" class=\"ls-img-layer lazyload\" alt=\"\" style=\"top:23px;left:659px;width:95px;height:127px;\" data-src=\"https:\/\/openup.nu\/wp-content\/uploads\/2024\/02\/OpenUp-Openhartig-Vriendinnen-lowres.png\"><\/a><img loading=\"lazy\" decoding=\"async\" width=\"519\" height=\"268\" src=\"data:image\/gif;base64,R0lGODlhAQABAAAAACH5BAEKAAEALAAAAAABAAEAAAICTAEAOw==\" class=\"ls-l ls-img-layer lazyload\" alt=\"\" sizes=\"auto, (max-width: 519px) 100vw, 519px\" style=\"top:16px;left:674px;width:85px;height:44px;background-size:cover;\" data-ls=\"delayin:1500;easingin:easeInOutBack;loop:true;loopcount:1;static:forever;position:relative;\" data-src=\"https:\/\/openup.nu\/wp-content\/uploads\/2019\/06\/nieuw.png\" data-srcset=\"https:\/\/openup.nu\/wp-content\/uploads\/2019\/06\/nieuw.png 519w, https:\/\/openup.nu\/wp-content\/uploads\/2019\/06\/nieuw-300x155.png 300w, https:\/\/openup.nu\/wp-content\/uploads\/2019\/06\/nieuw-450x232.png 450w\"><\/div><\/div><\/div><\/p>\n","protected":false},"excerpt":{"rendered":"","protected":false},"author":6,"featured_media":0,"parent":0,"menu_order":0,"comment_status":"closed","ping_status":"closed","template":"","meta":{"_monsterinsights_skip_tracking":false,"_monsterinsights_sitenote_active":false,"_monsterinsights_sitenote_note":"","_monsterinsights_sitenote_category":0,"_uf_show_specific_survey":0,"_uf_disable_surveys":false,"footnotes":""},"class_list":["post-10885","page","type-page","status-publish","hentry"],"yoast_head":"<!-- This site is optimized with the Yoast SEO plugin v26.2 - https:\/\/yoast.com\/wordpress\/plugins\/seo\/ -->\n<title>Haftungsausschluss - OpenUp!<\/title>\n<meta name=\"robots\" content=\"index, follow, max-snippet:-1, max-image-preview:large, max-video-preview:-1\" \/>\n<link rel=\"canonical\" href=\"https:\/\/openup.nu\/de\/haftungsausschluss\/\" \/>\n<meta property=\"og:locale\" content=\"de_DE\" \/>\n<meta property=\"og:type\" content=\"article\" \/>\n<meta property=\"og:title\" content=\"Haftungsausschluss - OpenUp!\" \/>\n<meta property=\"og:url\" content=\"https:\/\/openup.nu\/de\/haftungsausschluss\/\" \/>\n<meta property=\"og:site_name\" content=\"OpenUp!\" \/>\n<meta property=\"article:publisher\" content=\"https:\/\/www.facebook.com\/openup.nu\/\" \/>\n<meta property=\"article:modified_time\" content=\"2023-10-03T14:51:45+00:00\" \/>\n<meta name=\"twitter:card\" content=\"summary_large_image\" \/>\n<meta name=\"twitter:label1\" content=\"Gesch\u00e4tzte Lesezeit\" \/>\n\t<meta name=\"twitter:data1\" content=\"1\u00a0Minute\" \/>\n<script type=\"application\/ld+json\" class=\"yoast-schema-graph\">{\"@context\":\"https:\/\/schema.org\",\"@graph\":[{\"@type\":\"WebPage\",\"@id\":\"https:\/\/openup.nu\/de\/haftungsausschluss\/\",\"url\":\"https:\/\/openup.nu\/de\/haftungsausschluss\/\",\"name\":\"Haftungsausschluss - OpenUp!\",\"isPartOf\":{\"@id\":\"https:\/\/openup.nu\/de\/#website\"},\"datePublished\":\"2023-09-26T14:25:27+00:00\",\"dateModified\":\"2023-10-03T14:51:45+00:00\",\"breadcrumb\":{\"@id\":\"https:\/\/openup.nu\/de\/haftungsausschluss\/#breadcrumb\"},\"inLanguage\":\"de\",\"potentialAction\":[{\"@type\":\"ReadAction\",\"target\":[\"https:\/\/openup.nu\/de\/haftungsausschluss\/\"]}]},{\"@type\":\"BreadcrumbList\",\"@id\":\"https:\/\/openup.nu\/de\/haftungsausschluss\/#breadcrumb\",\"itemListElement\":[{\"@type\":\"ListItem\",\"position\":1,\"name\":\"Home\",\"item\":\"https:\/\/openup.nu\/de\/\"},{\"@type\":\"ListItem\",\"position\":2,\"name\":\"Haftungsausschluss\"}]},{\"@type\":\"WebSite\",\"@id\":\"https:\/\/openup.nu\/de\/#website\",\"url\":\"https:\/\/openup.nu\/de\/\",\"name\":\"OpenUp!\",\"description\":\"Openhartig spellen\",\"publisher\":{\"@id\":\"https:\/\/openup.nu\/de\/#organization\"},\"potentialAction\":[{\"@type\":\"SearchAction\",\"target\":{\"@type\":\"EntryPoint\",\"urlTemplate\":\"https:\/\/openup.nu\/de\/?s={search_term_string}\"},\"query-input\":{\"@type\":\"PropertyValueSpecification\",\"valueRequired\":true,\"valueName\":\"search_term_string\"}}],\"inLanguage\":\"de\"},{\"@type\":\"Organization\",\"@id\":\"https:\/\/openup.nu\/de\/#organization\",\"name\":\"OpenUp!\",\"url\":\"https:\/\/openup.nu\/de\/\",\"logo\":{\"@type\":\"ImageObject\",\"inLanguage\":\"de\",\"@id\":\"https:\/\/openup.nu\/de\/#\/schema\/logo\/image\/\",\"url\":\"https:\/\/openup.nu\/wp-content\/uploads\/2023\/09\/OpenUp-logo.svg\",\"contentUrl\":\"https:\/\/openup.nu\/wp-content\/uploads\/2023\/09\/OpenUp-logo.svg\",\"width\":1,\"height\":1,\"caption\":\"OpenUp!\"},\"image\":{\"@id\":\"https:\/\/openup.nu\/de\/#\/schema\/logo\/image\/\"},\"sameAs\":[\"https:\/\/www.facebook.com\/openup.nu\/\",\"https:\/\/www.instagram.com\/uitgever_openup\/\"]}]}<\/script>\n<!-- \/ Yoast SEO plugin. -->","yoast_head_json":{"title":"Haftungsausschluss - OpenUp!","robots":{"index":"index","follow":"follow","max-snippet":"max-snippet:-1","max-image-preview":"max-image-preview:large","max-video-preview":"max-video-preview:-1"},"canonical":"https:\/\/openup.nu\/de\/haftungsausschluss\/","og_locale":"de_DE","og_type":"article","og_title":"Haftungsausschluss - OpenUp!","og_url":"https:\/\/openup.nu\/de\/haftungsausschluss\/","og_site_name":"OpenUp!","article_publisher":"https:\/\/www.facebook.com\/openup.nu\/","article_modified_time":"2023-10-03T14:51:45+00:00","twitter_card":"summary_large_image","twitter_misc":{"Gesch\u00e4tzte Lesezeit":"1\u00a0Minute"},"schema":{"@context":"https:\/\/schema.org","@graph":[{"@type":"WebPage","@id":"https:\/\/openup.nu\/de\/haftungsausschluss\/","url":"https:\/\/openup.nu\/de\/haftungsausschluss\/","name":"Haftungsausschluss - OpenUp!","isPartOf":{"@id":"https:\/\/openup.nu\/de\/#website"},"datePublished":"2023-09-26T14:25:27+00:00","dateModified":"2023-10-03T14:51:45+00:00","breadcrumb":{"@id":"https:\/\/openup.nu\/de\/haftungsausschluss\/#breadcrumb"},"inLanguage":"de","potentialAction":[{"@type":"ReadAction","target":["https:\/\/openup.nu\/de\/haftungsausschluss\/"]}]},{"@type":"BreadcrumbList","@id":"https:\/\/openup.nu\/de\/haftungsausschluss\/#breadcrumb","itemListElement":[{"@type":"ListItem","position":1,"name":"Home","item":"https:\/\/openup.nu\/de\/"},{"@type":"ListItem","position":2,"name":"Haftungsausschluss"}]},{"@type":"WebSite","@id":"https:\/\/openup.nu\/de\/#website","url":"https:\/\/openup.nu\/de\/","name":"OpenUp!","description":"Openhartig spellen","publisher":{"@id":"https:\/\/openup.nu\/de\/#organization"},"potentialAction":[{"@type":"SearchAction","target":{"@type":"EntryPoint","urlTemplate":"https:\/\/openup.nu\/de\/?s={search_term_string}"},"query-input":{"@type":"PropertyValueSpecification","valueRequired":true,"valueName":"search_term_string"}}],"inLanguage":"de"},{"@type":"Organization","@id":"https:\/\/openup.nu\/de\/#organization","name":"OpenUp!","url":"https:\/\/openup.nu\/de\/","logo":{"@type":"ImageObject","inLanguage":"de","@id":"https:\/\/openup.nu\/de\/#\/schema\/logo\/image\/","url":"https:\/\/openup.nu\/wp-content\/uploads\/2023\/09\/OpenUp-logo.svg","contentUrl":"https:\/\/openup.nu\/wp-content\/uploads\/2023\/09\/OpenUp-logo.svg","width":1,"height":1,"caption":"OpenUp!"},"image":{"@id":"https:\/\/openup.nu\/de\/#\/schema\/logo\/image\/"},"sameAs":["https:\/\/www.facebook.com\/openup.nu\/","https:\/\/www.instagram.com\/uitgever_openup\/"]}]}},"_links":{"self":[{"href":"https:\/\/openup.nu\/de\/wp-json\/wp\/v2\/pages\/10885","targetHints":{"allow":["GET"]}}],"collection":[{"href":"https:\/\/openup.nu\/de\/wp-json\/wp\/v2\/pages"}],"about":[{"href":"https:\/\/openup.nu\/de\/wp-json\/wp\/v2\/types\/page"}],"author":[{"embeddable":true,"href":"https:\/\/openup.nu\/de\/wp-json\/wp\/v2\/users\/6"}],"replies":[{"embeddable":true,"href":"https:\/\/openup.nu\/de\/wp-json\/wp\/v2\/comments?post=10885"}],"version-history":[{"count":0,"href":"https:\/\/openup.nu\/de\/wp-json\/wp\/v2\/pages\/10885\/revisions"}],"wp:attachment":[{"href":"https:\/\/openup.nu\/de\/wp-json\/wp\/v2\/media?parent=10885"}],"curies":[{"name":"wp","href":"https:\/\/api.w.org\/{rel}","templated":true}]}}